{"id":6440,"date":"2023-02-22T13:50:21","date_gmt":"2023-02-22T13:50:21","guid":{"rendered":"https:\/\/nyumbainteriordesign.entorno-desarrollo.es\/proyectos\/"},"modified":"2026-02-28T12:00:17","modified_gmt":"2026-02-28T12:00:17","slug":"nuestros-proyectos","status":"publish","type":"page","link":"https:\/\/nyumbainteriordesign.com\/es\/portafolio\/nuestros-proyectos\/","title":{"rendered":"Nuestros Proyectos"},"content":{"rendered":"<section class=\"wpb-content-wrapper\"><p>[vc_row row_content_width=\u00bbgrid\u00bb][vc_column][vc_custom_heading text=\u00bbServicios de dise\u00f1o\u00bb][\/vc_column][\/vc_row][vc_row gap=\u00bb20&#8243; row_content_width=\u00bbgrid\u00bb][vc_column width=\u00bb1\/3&#8243; css=\u00bb.vc_custom_1677116163923{margin-bottom: 40px !important;}\u00bb]<div class=\"edgtf-single-image-holder  edgtf-has-shadow edgtf-image-behavior-custom-link\">\n    <div class=\"edgtf-si-inner\" style=\"background-image: url(https:\/\/nyumbainteriordesign.com\/wp-content\/uploads\/2025\/09\/Gemini_Generated_Image_g12sazg12sazg12s.png)\">\n        \t            <a itemprop=\"url\" href=\"\/es\/portafolio\/residencial\/\" target=\"_self\">\n                                    <img loading=\"lazy\" decoding=\"async\" width=\"736\" height=\"964\" src=\"https:\/\/nyumbainteriordesign.com\/wp-content\/uploads\/2025\/09\/Gemini_Generated_Image_g12sazg12sazg12s.png\" class=\"attachment-full size-full\" alt=\"\" srcset=\"https:\/\/nyumbainteriordesign.com\/wp-content\/uploads\/2025\/09\/Gemini_Generated_Image_g12sazg12sazg12s.png 736w, https:\/\/nyumbainteriordesign.com\/wp-content\/uploads\/2025\/09\/Gemini_Generated_Image_g12sazg12sazg12s-229x300.png 229w\" sizes=\"auto, (max-width: 736px) 100vw, 736px\" \/>                                <\/a>\n            <\/div>\n<\/div>[vc_custom_heading text=\u00bbResidencial\u00bb font_container=\u00bbtag:h3|text_align:left\u00bb link=\u00bburl:%2Fes%2Fportafolio%2Fresidencial%2F|title:Hoteles%20y%20Restaurantes\u00bb][vc_column_text]<\/p>\n<p data-path-to-node=\"3\">Creemos que crear tu espacio ideal debe ser una experiencia inspiradora, no una carga log\u00edstica. Liderados por nuestro <b data-path-to-node=\"3\" data-index-in-node=\"119\">equipo de interiorismo<\/b>, ofrecemos un servicio integral \u00abllave en mano\u00bb que abarca desde la visi\u00f3n inicial hasta la instalaci\u00f3n final.<\/p>\n<p data-path-to-node=\"4\">Nos encargamos de toda la complejidad del proyecto \u2014b\u00fasqueda, contrataci\u00f3n y supervisi\u00f3n\u2014 para que t\u00fa no tengas que hacerlo. Contamos con <b data-path-to-node=\"4\" data-index-in-node=\"146\">arquitecto propio<\/b> para intervenir siempre que el proyecto requiera cambios estructurales, garantizando que cada detalle t\u00e9cnico y est\u00e9tico se resuelva bajo un mismo techo. Disfruta de la tranquilidad de recibir tu hogar listo para vivir.<\/p>\n<p>[\/vc_column_text][\/vc_column][vc_column width=\u00bb1\/3&#8243; css=\u00bb.vc_custom_1677116171194{margin-bottom: 40px !important;}\u00bb]<div class=\"edgtf-single-image-holder  edgtf-has-shadow edgtf-image-behavior-custom-link\">\n    <div class=\"edgtf-si-inner\" style=\"background-image: url(https:\/\/nyumbainteriordesign.com\/wp-content\/uploads\/2025\/11\/21f845a7-ec25-4ec2-8752-1c75e8b4f0c6.png)\">\n        \t            <a itemprop=\"url\" href=\"\/es\/portafolio\/internacional\/\" target=\"_self\">\n                                    <img loading=\"lazy\" decoding=\"async\" width=\"880\" height=\"1168\" src=\"https:\/\/nyumbainteriordesign.com\/wp-content\/uploads\/2025\/11\/21f845a7-ec25-4ec2-8752-1c75e8b4f0c6.png\" class=\"attachment-full size-full\" alt=\"\" srcset=\"https:\/\/nyumbainteriordesign.com\/wp-content\/uploads\/2025\/11\/21f845a7-ec25-4ec2-8752-1c75e8b4f0c6.png 880w, https:\/\/nyumbainteriordesign.com\/wp-content\/uploads\/2025\/11\/21f845a7-ec25-4ec2-8752-1c75e8b4f0c6-226x300.png 226w, https:\/\/nyumbainteriordesign.com\/wp-content\/uploads\/2025\/11\/21f845a7-ec25-4ec2-8752-1c75e8b4f0c6-772x1024.png 772w, https:\/\/nyumbainteriordesign.com\/wp-content\/uploads\/2025\/11\/21f845a7-ec25-4ec2-8752-1c75e8b4f0c6-768x1019.png 768w\" sizes=\"auto, (max-width: 880px) 100vw, 880px\" \/>                                <\/a>\n            <\/div>\n<\/div>[vc_custom_heading text=\u00bbInternacional\u00bb font_container=\u00bbtag:h3|text_align:left\u00bb link=\u00bburl:%2Fes%2Fportafolio%2Finternacional%2F|title:Hoteles%20y%20Restaurantes\u00bb][vc_column_text]<\/p>\n<p data-path-to-node=\"3\">Dise\u00f1amos y montamos proyectos en cualquier lugar.<\/p>\n<p data-path-to-node=\"3\">Hemos optimizado todo el proceso \u2014dise\u00f1o, log\u00edstica y transporte\u2014 para que, ya sea un apartamento en Londres o una villa en Portugal, no tengas que preocuparte por nada. <b data-path-to-node=\"3\" data-index-in-node=\"170\">Nosotros instalamos, t\u00fa estrenas.<\/b><\/p>\n<p>[\/vc_column_text][\/vc_column][vc_column width=\u00bb1\/3&#8243; css=\u00bb.vc_custom_1677116185126{margin-bottom: 40px !important;}\u00bb]<div class=\"edgtf-single-image-holder  edgtf-has-shadow edgtf-image-behavior-custom-link\">\n    <div class=\"edgtf-si-inner\" style=\"background-image: url(https:\/\/nyumbainteriordesign.com\/wp-content\/uploads\/2026\/02\/Gemini_Generated_Image_h52x7uh52x7uh52x.png)\">\n        \t            <a itemprop=\"url\" href=\"\/es\/portafolio\/en-proceso\/\" target=\"_self\">\n                                    <img loading=\"lazy\" decoding=\"async\" width=\"971\" height=\"930\" src=\"https:\/\/nyumbainteriordesign.com\/wp-content\/uploads\/2026\/02\/Gemini_Generated_Image_h52x7uh52x7uh52x.png\" class=\"attachment-full size-full\" alt=\"\" srcset=\"https:\/\/nyumbainteriordesign.com\/wp-content\/uploads\/2026\/02\/Gemini_Generated_Image_h52x7uh52x7uh52x.png 971w, https:\/\/nyumbainteriordesign.com\/wp-content\/uploads\/2026\/02\/Gemini_Generated_Image_h52x7uh52x7uh52x-300x287.png 300w, https:\/\/nyumbainteriordesign.com\/wp-content\/uploads\/2026\/02\/Gemini_Generated_Image_h52x7uh52x7uh52x-768x736.png 768w\" sizes=\"auto, (max-width: 971px) 100vw, 971px\" \/>                                <\/a>\n            <\/div>\n<\/div>[vc_custom_heading text=\u00bbDirecci\u00f3n creativa y de dise\u00f1o\u00bb font_container=\u00bbtag:h3|text_align:left\u00bb link=\u00bburl:%2Fes%2Fportafolio%2Fen-proceso%2F|title:Hoteles%20y%20Restaurantes\u00bb][vc_column_text]Si prefieres gestionar t\u00fa mismo la ejecuci\u00f3n, podemos encargarnos \u00fanicamente de la direcci\u00f3n creativa y el dise\u00f1o de tu proyecto. T\u00fa mantienes el control de la producci\u00f3n y las compras, mientras nosotros nos aseguramos de que el dise\u00f1o sea coherente, profesional y est\u00e9 perfectamente adaptado a tu espacio.<\/p>\n<p>Nuestra <b>s\u00f3lida experiencia<\/b> en arte moderno resulta <b>esencial<\/b> para el desarrollo de proyectos que <b>trascienden lo convencional<\/b> en el mundo del interiorismo[\/vc_column_text][\/vc_column][\/vc_row][vc_row gap=\u00bb20&#8243; row_content_width=\u00bbgrid\u00bb css=\u00bb.vc_custom_1677075278494{margin-bottom: 50px !important;}\u00bb][vc_column width=\u00bb1\/3&#8243;]<div class=\"edgtf-single-image-holder  edgtf-has-shadow edgtf-image-behavior-custom-link\">\n    <div class=\"edgtf-si-inner\" style=\"background-image: url(https:\/\/nyumbainteriordesign.com\/wp-content\/uploads\/2025\/10\/9ba477f3-13b2-413b-a8b9-968b6b99d874.png)\">\n        \t            <a itemprop=\"url\" href=\"\/es\/portafolio\/hoteles-restaurantes-y-oficinas\/\" target=\"_self\">\n                                    <img loading=\"lazy\" decoding=\"async\" width=\"1168\" height=\"880\" src=\"https:\/\/nyumbainteriordesign.com\/wp-content\/uploads\/2025\/10\/9ba477f3-13b2-413b-a8b9-968b6b99d874.png\" class=\"attachment-full size-full\" alt=\"\" srcset=\"https:\/\/nyumbainteriordesign.com\/wp-content\/uploads\/2025\/10\/9ba477f3-13b2-413b-a8b9-968b6b99d874.png 1168w, https:\/\/nyumbainteriordesign.com\/wp-content\/uploads\/2025\/10\/9ba477f3-13b2-413b-a8b9-968b6b99d874-300x226.png 300w, https:\/\/nyumbainteriordesign.com\/wp-content\/uploads\/2025\/10\/9ba477f3-13b2-413b-a8b9-968b6b99d874-1024x772.png 1024w, https:\/\/nyumbainteriordesign.com\/wp-content\/uploads\/2025\/10\/9ba477f3-13b2-413b-a8b9-968b6b99d874-768x579.png 768w\" sizes=\"auto, (max-width: 1168px) 100vw, 1168px\" \/>                                <\/a>\n            <\/div>\n<\/div>[vc_custom_heading text=\u00bbComercial\u00bb font_container=\u00bbtag:h3|text_align:left\u00bb link=\u00bburl:%2Fes%2Fportafolio%2Fhoteles-restaurantes-y-oficinas%2F|title:Hoteles%20y%20Restaurantes\u00bb][vc_column_text]<\/p>\n<p data-path-to-node=\"4\">Un espacio estrat\u00e9gico no solo proyecta la identidad de una marca, sino que es el motor de su rentabilidad. Nos encargamos de tu proyecto <b data-path-to-node=\"4\" data-index-in-node=\"138\">desde la concepci\u00f3n inicial hasta la entrega final<\/b>, integrando est\u00e9tica y funcionalidad en una soluci\u00f3n \u00fanica.<\/p>\n<p data-path-to-node=\"5\">Contamos con un equipo interno de <b data-path-to-node=\"5\" data-index-in-node=\"34\">arquitectos t\u00e9cnicos<\/b> que garantiza que cada decisi\u00f3n de dise\u00f1o sea t\u00e9cnicamente viable y operativamente eficiente. No nos limitamos a crear lugares visualmente <b data-path-to-node=\"5\" data-index-in-node=\"194\">atractivos<\/b>; optimizamos cada metro cuadrado para que la infraestructura t\u00e9cnica y el flujo de trabajo convivan en perfecta armon\u00eda. As\u00ed, t\u00fa puedes centrarte en la gesti\u00f3n de tu negocio mientras nosotros nos aseguramos de que el espacio funcione con precisi\u00f3n.<\/p>\n<p>[\/vc_column_text][\/vc_column][vc_column width=\u00bb1\/3&#8243;][\/vc_column][vc_column width=\u00bb1\/3&#8243;][\/vc_column][\/vc_row]<\/p>\n<\/section>","protected":false},"excerpt":{"rendered":"<p>[vc_row row_content_width=\u00bbgrid\u00bb][vc_column][vc_custom_heading text=\u00bbServicios de dise\u00f1o\u00bb][\/vc_column][\/vc_row][vc_row gap=\u00bb20&#8243; row_content_width=\u00bbgrid\u00bb][vc_column width=\u00bb1\/3&#8243; css=\u00bb.vc_custom_1677116163923{margin-bottom: 40px !important;}\u00bb][vc_custom_heading text=\u00bbResidencial\u00bb font_container=\u00bbtag:h3|text_align:left\u00bb link=\u00bburl:%2Fes%2Fportafolio%2Fresidencial%2F|title:Hoteles%20y%20Restaurantes\u00bb][vc_column_text] Creemos que crear tu espacio ideal debe ser una experiencia inspiradora, no una carga log\u00edstica. Liderados por nuestro equipo de interiorismo, ofrecemos un servicio integral \u00abllave [&hellip;]<\/p>\n","protected":false},"author":1,"featured_media":0,"parent":5830,"menu_order":0,"comment_status":"closed","ping_status":"closed","template":"","meta":{"footnotes":""},"class_list":["post-6440","page","type-page","status-publish","hentry"],"yoast_head":"<!-- This site is optimized with the Yoast SEO plugin v20.7 - https:\/\/yoast.com\/wordpress\/plugins\/seo\/ -->\n<title>Nuestros Proyectos - Nyumba Interior Design Studio<\/title>\n<meta name=\"robots\" content=\"index, follow, max-snippet:-1, max-image-preview:large, max-video-preview:-1\" \/>\n<link rel=\"canonical\" href=\"https:\/\/nyumbainteriordesign.com\/es\/portafolio\/nuestros-proyectos\/\" \/>\n<meta property=\"og:locale\" content=\"es_ES\" \/>\n<meta property=\"og:type\" content=\"article\" \/>\n<meta property=\"og:title\" content=\"Nuestros Proyectos - Nyumba Interior Design Studio\" \/>\n<meta property=\"og:description\" content=\"[vc_row row_content_width=\u00bbgrid\u00bb][vc_column][vc_custom_heading text=\u00bbServicios de dise\u00f1o\u00bb][\/vc_column][\/vc_row][vc_row gap=\u00bb20&#8243; row_content_width=\u00bbgrid\u00bb][vc_column width=\u00bb1\/3&#8243; css=\u00bb.vc_custom_1677116163923{margin-bottom: 40px !important;}\u00bb][vc_custom_heading text=\u00bbResidencial\u00bb font_container=\u00bbtag:h3|text_align:left\u00bb link=\u00bburl:%2Fes%2Fportafolio%2Fresidencial%2F|title:Hoteles%20y%20Restaurantes\u00bb][vc_column_text] Creemos que crear tu espacio ideal debe ser una experiencia inspiradora, no una carga log\u00edstica. Liderados por nuestro equipo de interiorismo, ofrecemos un servicio integral \u00abllave [&hellip;]\" \/>\n<meta property=\"og:url\" content=\"https:\/\/nyumbainteriordesign.com\/es\/portafolio\/nuestros-proyectos\/\" \/>\n<meta property=\"og:site_name\" content=\"Nyumba Interior Design Studio\" \/>\n<meta property=\"article:modified_time\" content=\"2026-02-28T12:00:17+00:00\" \/>\n<meta name=\"twitter:card\" content=\"summary_large_image\" \/>\n<meta name=\"twitter:label1\" content=\"Tiempo de lectura\" \/>\n\t<meta name=\"twitter:data1\" content=\"2 minutos\" \/>\n<script type=\"application\/ld+json\" class=\"yoast-schema-graph\">{\"@context\":\"https:\/\/schema.org\",\"@graph\":[{\"@type\":\"WebPage\",\"@id\":\"https:\/\/nyumbainteriordesign.com\/es\/portafolio\/nuestros-proyectos\/\",\"url\":\"https:\/\/nyumbainteriordesign.com\/es\/portafolio\/nuestros-proyectos\/\",\"name\":\"Nuestros Proyectos - Nyumba Interior Design Studio\",\"isPartOf\":{\"@id\":\"https:\/\/nyumbainteriordesign.com\/#website\"},\"datePublished\":\"2023-02-22T13:50:21+00:00\",\"dateModified\":\"2026-02-28T12:00:17+00:00\",\"breadcrumb\":{\"@id\":\"https:\/\/nyumbainteriordesign.com\/es\/portafolio\/nuestros-proyectos\/#breadcrumb\"},\"inLanguage\":\"es\",\"potentialAction\":[{\"@type\":\"ReadAction\",\"target\":[\"https:\/\/nyumbainteriordesign.com\/es\/portafolio\/nuestros-proyectos\/\"]}]},{\"@type\":\"BreadcrumbList\",\"@id\":\"https:\/\/nyumbainteriordesign.com\/es\/portafolio\/nuestros-proyectos\/#breadcrumb\",\"itemListElement\":[{\"@type\":\"ListItem\",\"position\":1,\"name\":\"Home\",\"item\":\"https:\/\/nyumbainteriordesign.com\/es\/\"},{\"@type\":\"ListItem\",\"position\":2,\"name\":\"Portafolio\",\"item\":\"https:\/\/nyumbainteriordesign.com\/es\/?page_id=5830\"},{\"@type\":\"ListItem\",\"position\":3,\"name\":\"Nuestros Proyectos\"}]},{\"@type\":\"WebSite\",\"@id\":\"https:\/\/nyumbainteriordesign.com\/#website\",\"url\":\"https:\/\/nyumbainteriordesign.com\/\",\"name\":\"Nyumba Interior Design Studio\",\"description\":\"\",\"potentialAction\":[{\"@type\":\"SearchAction\",\"target\":{\"@type\":\"EntryPoint\",\"urlTemplate\":\"https:\/\/nyumbainteriordesign.com\/?s={search_term_string}\"},\"query-input\":\"required name=search_term_string\"}],\"inLanguage\":\"es\"}]}<\/script>\n<!-- \/ Yoast SEO plugin. -->","yoast_head_json":{"title":"Nuestros Proyectos - Nyumba Interior Design Studio","robots":{"index":"index","follow":"follow","max-snippet":"max-snippet:-1","max-image-preview":"max-image-preview:large","max-video-preview":"max-video-preview:-1"},"canonical":"https:\/\/nyumbainteriordesign.com\/es\/portafolio\/nuestros-proyectos\/","og_locale":"es_ES","og_type":"article","og_title":"Nuestros Proyectos - Nyumba Interior Design Studio","og_description":"[vc_row row_content_width=\u00bbgrid\u00bb][vc_column][vc_custom_heading text=\u00bbServicios de dise\u00f1o\u00bb][\/vc_column][\/vc_row][vc_row gap=\u00bb20&#8243; row_content_width=\u00bbgrid\u00bb][vc_column width=\u00bb1\/3&#8243; css=\u00bb.vc_custom_1677116163923{margin-bottom: 40px !important;}\u00bb][vc_custom_heading text=\u00bbResidencial\u00bb font_container=\u00bbtag:h3|text_align:left\u00bb link=\u00bburl:%2Fes%2Fportafolio%2Fresidencial%2F|title:Hoteles%20y%20Restaurantes\u00bb][vc_column_text] Creemos que crear tu espacio ideal debe ser una experiencia inspiradora, no una carga log\u00edstica. Liderados por nuestro equipo de interiorismo, ofrecemos un servicio integral \u00abllave [&hellip;]","og_url":"https:\/\/nyumbainteriordesign.com\/es\/portafolio\/nuestros-proyectos\/","og_site_name":"Nyumba Interior Design Studio","article_modified_time":"2026-02-28T12:00:17+00:00","twitter_card":"summary_large_image","twitter_misc":{"Tiempo de lectura":"2 minutos"},"schema":{"@context":"https:\/\/schema.org","@graph":[{"@type":"WebPage","@id":"https:\/\/nyumbainteriordesign.com\/es\/portafolio\/nuestros-proyectos\/","url":"https:\/\/nyumbainteriordesign.com\/es\/portafolio\/nuestros-proyectos\/","name":"Nuestros Proyectos - Nyumba Interior Design Studio","isPartOf":{"@id":"https:\/\/nyumbainteriordesign.com\/#website"},"datePublished":"2023-02-22T13:50:21+00:00","dateModified":"2026-02-28T12:00:17+00:00","breadcrumb":{"@id":"https:\/\/nyumbainteriordesign.com\/es\/portafolio\/nuestros-proyectos\/#breadcrumb"},"inLanguage":"es","potentialAction":[{"@type":"ReadAction","target":["https:\/\/nyumbainteriordesign.com\/es\/portafolio\/nuestros-proyectos\/"]}]},{"@type":"BreadcrumbList","@id":"https:\/\/nyumbainteriordesign.com\/es\/portafolio\/nuestros-proyectos\/#breadcrumb","itemListElement":[{"@type":"ListItem","position":1,"name":"Home","item":"https:\/\/nyumbainteriordesign.com\/es\/"},{"@type":"ListItem","position":2,"name":"Portafolio","item":"https:\/\/nyumbainteriordesign.com\/es\/?page_id=5830"},{"@type":"ListItem","position":3,"name":"Nuestros Proyectos"}]},{"@type":"WebSite","@id":"https:\/\/nyumbainteriordesign.com\/#website","url":"https:\/\/nyumbainteriordesign.com\/","name":"Nyumba Interior Design Studio","description":"","potentialAction":[{"@type":"SearchAction","target":{"@type":"EntryPoint","urlTemplate":"https:\/\/nyumbainteriordesign.com\/?s={search_term_string}"},"query-input":"required name=search_term_string"}],"inLanguage":"es"}]}},"_links":{"self":[{"href":"https:\/\/nyumbainteriordesign.com\/es\/wp-json\/wp\/v2\/pages\/6440","targetHints":{"allow":["GET"]}}],"collection":[{"href":"https:\/\/nyumbainteriordesign.com\/es\/wp-json\/wp\/v2\/pages"}],"about":[{"href":"https:\/\/nyumbainteriordesign.com\/es\/wp-json\/wp\/v2\/types\/page"}],"author":[{"embeddable":true,"href":"https:\/\/nyumbainteriordesign.com\/es\/wp-json\/wp\/v2\/users\/1"}],"replies":[{"embeddable":true,"href":"https:\/\/nyumbainteriordesign.com\/es\/wp-json\/wp\/v2\/comments?post=6440"}],"version-history":[{"count":71,"href":"https:\/\/nyumbainteriordesign.com\/es\/wp-json\/wp\/v2\/pages\/6440\/revisions"}],"predecessor-version":[{"id":9245,"href":"https:\/\/nyumbainteriordesign.com\/es\/wp-json\/wp\/v2\/pages\/6440\/revisions\/9245"}],"up":[{"embeddable":true,"href":"https:\/\/nyumbainteriordesign.com\/es\/wp-json\/wp\/v2\/pages\/5830"}],"wp:attachment":[{"href":"https:\/\/nyumbainteriordesign.com\/es\/wp-json\/wp\/v2\/media?parent=6440"}],"curies":[{"name":"wp","href":"https:\/\/api.w.org\/{rel}","templated":true}]}}