{"id":6324,"date":"2017-07-25T10:42:44","date_gmt":"2017-07-25T10:42:44","guid":{"rendered":"https:\/\/nyumbainteriordesign.entorno-desarrollo.es\/about-us\/"},"modified":"2026-02-20T10:50:54","modified_gmt":"2026-02-20T10:50:54","slug":"sobre-nosotras","status":"publish","type":"page","link":"https:\/\/nyumbainteriordesign.com\/es\/sobre-nosotras\/","title":{"rendered":"Sobre Nosotras"},"content":{"rendered":"<section class=\"wpb-content-wrapper\"><p>[vc_row content_placement=\u00bbtop\u00bb css=\u00bb.vc_custom_1676663457696{padding-bottom: 3% !important;}\u00bb][vc_column]<div class=\"edgtf-elements-holder   edgtf-two-columns  edgtf-responsive-mode-1024 \" ><div class=\"edgtf-eh-item  edgtf-vertical-alignment-top  \"  data-item-class=\"edgtf-eh-custom-6062\" data-1280-1600=\"35% 16% 42% 7%\" data-1024-1280=\"23% 11% 42% 2%\" data-768-1024=\"13% 12% 11% 7%\" data-680-768=\"11% 1% 11% 1%\" data-680=\"11% 1% 11% 1%\">\n\t<div class=\"edgtf-eh-item-inner\">\n\t\t<div class=\"edgtf-eh-item-content edgtf-eh-custom-6062\" style=\"padding: 10% 16% 20% 7%\">\n\t\t\t<div class=\"edgtf-section-title-holder  edgtf-st-standard edgtf-st-title-left edgtf-st-normal-space \" style=\"text-align: left\">\n\t<div class=\"edgtf-st-inner\">\n\t\t\t\t\t<h2 class=\"edgtf-st-title title_underline edgtf-st-underline-left\" >\n\t\t\t\tSobre nosotras\t\t\t<\/h2>\n\t\t\t\t\t<\/div>\n<\/div>[vc_empty_space height=\u00bb27px\u00bb][vc_column_text]<\/p>\n<h3><em>\u00abLa creatividad es una mente salvaje y un ojo disciplinado\u00bb.<\/em><\/h3>\n<p>[\/vc_column_text][vc_single_image image=\u00bb6884&#8243; img_size=\u00bb180&#215;40&#8243; alignment=\u00bbright\u00bb css=\u00bb.vc_custom_1678827416326{margin-top: 10px !important;margin-right: 20px !important;margin-bottom: 30px !important;}\u00bb][vc_separator color=\u00bbcustom\u00bb el_width=\u00bb40&#8243; accent_color=\u00bb#999999&#8243; css=\u00bb.vc_custom_1678827522497{margin-top: 0px !important;margin-bottom: 30px !important;}\u00bb][vc_column_text]<\/p>\n<p style=\"text-align: center;\">En Nyumba Studio, nuestra pasi\u00f3n es transformar visiones en realidades tangibles y con prop\u00f3sito, operando sin fronteras desde nuestra sede en Sotogrande.<\/p>\n<p style=\"text-align: center;\">Basados en una s\u00f3lida trayectoria en el sector del dise\u00f1o y el arte, hemos evolucionado para ofrecer una <b>propuesta de dise\u00f1o integral y estrat\u00e9gica<\/b>: desde la <b>creaci\u00f3n de la identidad y el concepto de interiorismo de tu negocio<\/b>, hasta la conceptualizaci\u00f3n y materializaci\u00f3n de <b>villas de lujo y espacios interiores que inspiran<\/b>.<\/p>\n<p style=\"text-align: center;\">Somos expertas en gestionar y ejecutar proyectos <b>\u00abllave en mano\u00bb<\/b>, simplificando el proceso desde la concepci\u00f3n arquitect\u00f3nica hasta el \u00faltimo detalle, incluyendo el suministro e instalaci\u00f3n de mobiliario, decoraci\u00f3n y materiales y coordinaci\u00f3n de todos los oficios y artesanos.<\/p>\n<p>[\/vc_column_text]\t\t<\/div>\n\t<\/div>\n<\/div><div class=\"edgtf-eh-item    \"  data-item-class=\"edgtf-eh-custom-2624\" data-1280-1600=\"7% 9% 23% 4%\" data-1024-1280=\"0% 4% 20% 6%\" data-768-1024=\"7% 9% 23% 7%\" data-680-768=\"7% 6% 23% 3%\" data-680=\"7% 6% 23% 3%\">\n\t<div class=\"edgtf-eh-item-inner\">\n\t\t<div class=\"edgtf-eh-item-content edgtf-eh-custom-2624\" style=\"padding: 7% 9% 10% 4%\">\n\t\t\t[vc_single_image image=\u00bb8743&#8243; img_size=\u00bbfull\u00bb add_caption=\u00bbyes\u00bb onclick=\u00bblink_image\u00bb]\t\t<\/div>\n\t<\/div>\n<\/div><\/div>[\/vc_column][\/vc_row][vc_row][vc_column][vc_separator color=\u00bbcustom\u00bb accent_color=\u00bb#d4d4d4&#8243; css=\u00bb.vc_custom_1676495059915{margin-bottom: 25px !important;}\u00bb][\/vc_column][\/vc_row][vc_row][vc_column][vc_custom_heading text=\u00bb\u00bfQuienes somos?\u00bb]<div class=\"edgtf-team-list-holder edgtf-tl-normal-space edgtf-tl-three-columns\">\n\t<div class=\"edgtf-tl-inner \" data-number-of-items=\"3\" data-enable-navigation=\"no\" data-enable-pagination=\"no\">\n\t\t<div class=\"edgtf-team info-bellow\">\n\t<div class=\"edgtf-team-inner\">\n\t\t\t\t\t<div class=\"edgtf-team-image\">\n                <a itemprop=\"url\" href=\"https:\/\/nyumbainteriordesign.com\/es\/team-member\/alejandra-carazo\/\">\n                    <img loading=\"lazy\" decoding=\"async\" width=\"1200\" height=\"1798\" src=\"https:\/\/nyumbainteriordesign.com\/wp-content\/uploads\/2025\/07\/2eb5013df2299973faeca2cc81be82d8.jpg\" class=\"attachment-full size-full wp-post-image\" alt=\"\" srcset=\"https:\/\/nyumbainteriordesign.com\/wp-content\/uploads\/2025\/07\/2eb5013df2299973faeca2cc81be82d8.jpg 1200w, https:\/\/nyumbainteriordesign.com\/wp-content\/uploads\/2025\/07\/2eb5013df2299973faeca2cc81be82d8-200x300.jpg 200w, https:\/\/nyumbainteriordesign.com\/wp-content\/uploads\/2025\/07\/2eb5013df2299973faeca2cc81be82d8-683x1024.jpg 683w, https:\/\/nyumbainteriordesign.com\/wp-content\/uploads\/2025\/07\/2eb5013df2299973faeca2cc81be82d8-768x1151.jpg 768w, https:\/\/nyumbainteriordesign.com\/wp-content\/uploads\/2025\/07\/2eb5013df2299973faeca2cc81be82d8-1025x1536.jpg 1025w\" sizes=\"auto, (max-width: 1200px) 100vw, 1200px\" \/>                <\/a>\n                \t\t\t<\/div>\n\t\t\t\t<div class=\"edgtf-team-info\">\n            <div class=\"edgtf-team-title-holder\">\n                <h4 itemprop=\"name\" class=\"edgtf-team-name entry-title\">\n                    <a itemprop=\"url\" href=\"https:\/\/nyumbainteriordesign.com\/es\/team-member\/alejandra-carazo\/\">Alejandra Carazo<\/a>\n                <\/h4>\n\n                                    <h4 class=\"edgtf-team-position\">Dise\u00f1adora de interiores y creativa<\/h4>\n                            <\/div>\n\t\t\t\t\t\t\t<div class=\"edgtf-team-text\">\n\t\t\t\t\t<div class=\"edgtf-team-text-inner\">\n\t\t\t\t\t\t<div class=\"edgtf-team-description\">\n\t\t\t\t\t\t\t<p itemprop=\"description\" class=\"edgtf-team-excerpt\">[vc_row][vc_column][vc_column_text]Alejandra se form\u00f3 en la Universidad de M\u00e1laga como Historiadora de Arte, y en la Universidad Complutense de Madrid en Bellas Artes y M\u00e1ster en Comunicaci\u00f3n Art\u00edstica. Tras varios a\u00f1os trabajando en museos y galer\u00edas en el comisariado de exposiciones [&hellip;]<\/p>\n\t\t\t\t\t\t<\/div>\n\t\t\t\t\t<\/div>\n\t\t\t\t<\/div>\n\t\t\t\t\t<\/div>\n\t<\/div>\n<\/div><div class=\"edgtf-team info-bellow\">\n\t<div class=\"edgtf-team-inner\">\n\t\t\t\t\t<div class=\"edgtf-team-image\">\n                <a itemprop=\"url\" href=\"https:\/\/nyumbainteriordesign.com\/es\/team-member\/mavi-ruiz\/\">\n                    <img loading=\"lazy\" decoding=\"async\" width=\"1080\" height=\"1920\" src=\"https:\/\/nyumbainteriordesign.com\/wp-content\/uploads\/2025\/07\/960993ee1c77dc775b0411be14053603.jpg\" class=\"attachment-full size-full wp-post-image\" alt=\"\" srcset=\"https:\/\/nyumbainteriordesign.com\/wp-content\/uploads\/2025\/07\/960993ee1c77dc775b0411be14053603.jpg 1080w, https:\/\/nyumbainteriordesign.com\/wp-content\/uploads\/2025\/07\/960993ee1c77dc775b0411be14053603-169x300.jpg 169w, https:\/\/nyumbainteriordesign.com\/wp-content\/uploads\/2025\/07\/960993ee1c77dc775b0411be14053603-576x1024.jpg 576w, https:\/\/nyumbainteriordesign.com\/wp-content\/uploads\/2025\/07\/960993ee1c77dc775b0411be14053603-768x1365.jpg 768w, https:\/\/nyumbainteriordesign.com\/wp-content\/uploads\/2025\/07\/960993ee1c77dc775b0411be14053603-864x1536.jpg 864w\" sizes=\"auto, (max-width: 1080px) 100vw, 1080px\" \/>                <\/a>\n                \t\t\t<\/div>\n\t\t\t\t<div class=\"edgtf-team-info\">\n            <div class=\"edgtf-team-title-holder\">\n                <h4 itemprop=\"name\" class=\"edgtf-team-name entry-title\">\n                    <a itemprop=\"url\" href=\"https:\/\/nyumbainteriordesign.com\/es\/team-member\/mavi-ruiz\/\">Mavi Ruiz<\/a>\n                <\/h4>\n\n                                    <h4 class=\"edgtf-team-position\">Gesti\u00f3n y producci\u00f3n<\/h4>\n                            <\/div>\n\t\t\t\t\t\t\t<div class=\"edgtf-team-text\">\n\t\t\t\t\t<div class=\"edgtf-team-text-inner\">\n\t\t\t\t\t\t<div class=\"edgtf-team-description\">\n\t\t\t\t\t\t\t<p itemprop=\"description\" class=\"edgtf-team-excerpt\">[vc_row][vc_column][vc_column_text] Tras licenciarse en Ingenier\u00eda de Telecomunicaciones, Mavi eligi\u00f3 el camino de las finanzas, desarrollando una exitosa carrera en banca. Decidi\u00f3 cambiar de sector cuando las pol\u00edticas bancarias empezaron a ir en detrimento del servicio al cliente. Socia fundadora de [&hellip;]<\/p>\n\t\t\t\t\t\t<\/div>\n\t\t\t\t\t<\/div>\n\t\t\t\t<\/div>\n\t\t\t\t\t<\/div>\n\t<\/div>\n<\/div>\t<\/div>\n<\/div>[\/vc_column][\/vc_row]<\/p>\n<\/section>","protected":false},"excerpt":{"rendered":"<p>[vc_row content_placement=\u00bbtop\u00bb css=\u00bb.vc_custom_1676663457696{padding-bottom: 3% !important;}\u00bb][vc_column][\/vc_column][\/vc_row][vc_row][vc_column][vc_separator color=\u00bbcustom\u00bb accent_color=\u00bb#d4d4d4&#8243; css=\u00bb.vc_custom_1676495059915{margin-bottom: 25px !important;}\u00bb][\/vc_column][\/vc_row][vc_row][vc_column][vc_custom_heading text=\u00bb\u00bfQuienes somos?\u00bb][\/vc_column][\/vc_row]<\/p>\n","protected":false},"author":1,"featured_media":0,"parent":0,"menu_order":0,"comment_status":"closed","ping_status":"closed","template":"","meta":{"footnotes":""},"class_list":["post-6324","page","type-page","status-publish","hentry"],"yoast_head":"<!-- This site is optimized with the Yoast SEO plugin v20.7 - https:\/\/yoast.com\/wordpress\/plugins\/seo\/ -->\n<title>Sobre Nosotras - Nyumba Interior Design Studio<\/title>\n<meta name=\"robots\" content=\"index, follow, max-snippet:-1, max-image-preview:large, max-video-preview:-1\" \/>\n<link rel=\"canonical\" href=\"https:\/\/nyumbainteriordesign.com\/es\/sobre-nosotras\/\" \/>\n<meta property=\"og:locale\" content=\"es_ES\" \/>\n<meta property=\"og:type\" content=\"article\" \/>\n<meta property=\"og:title\" content=\"Sobre Nosotras - Nyumba Interior Design Studio\" \/>\n<meta property=\"og:description\" content=\"[vc_row content_placement=\u00bbtop\u00bb css=\u00bb.vc_custom_1676663457696{padding-bottom: 3% !important;}\u00bb][vc_column][\/vc_column][\/vc_row][vc_row][vc_column][vc_separator color=\u00bbcustom\u00bb accent_color=\u00bb#d4d4d4&#8243; css=\u00bb.vc_custom_1676495059915{margin-bottom: 25px !important;}\u00bb][\/vc_column][\/vc_row][vc_row][vc_column][vc_custom_heading text=\u00bb\u00bfQuienes somos?\u00bb][\/vc_column][\/vc_row]\" \/>\n<meta property=\"og:url\" content=\"https:\/\/nyumbainteriordesign.com\/es\/sobre-nosotras\/\" \/>\n<meta property=\"og:site_name\" content=\"Nyumba Interior Design Studio\" \/>\n<meta property=\"article:modified_time\" content=\"2026-02-20T10:50:54+00:00\" \/>\n<meta name=\"twitter:card\" content=\"summary_large_image\" \/>\n<meta name=\"twitter:label1\" content=\"Tiempo de lectura\" \/>\n\t<meta name=\"twitter:data1\" content=\"1 minuto\" \/>\n<script type=\"application\/ld+json\" class=\"yoast-schema-graph\">{\"@context\":\"https:\/\/schema.org\",\"@graph\":[{\"@type\":\"WebPage\",\"@id\":\"https:\/\/nyumbainteriordesign.com\/es\/sobre-nosotras\/\",\"url\":\"https:\/\/nyumbainteriordesign.com\/es\/sobre-nosotras\/\",\"name\":\"Sobre Nosotras - Nyumba Interior Design Studio\",\"isPartOf\":{\"@id\":\"https:\/\/nyumbainteriordesign.com\/#website\"},\"datePublished\":\"2017-07-25T10:42:44+00:00\",\"dateModified\":\"2026-02-20T10:50:54+00:00\",\"breadcrumb\":{\"@id\":\"https:\/\/nyumbainteriordesign.com\/es\/sobre-nosotras\/#breadcrumb\"},\"inLanguage\":\"es\",\"potentialAction\":[{\"@type\":\"ReadAction\",\"target\":[\"https:\/\/nyumbainteriordesign.com\/es\/sobre-nosotras\/\"]}]},{\"@type\":\"BreadcrumbList\",\"@id\":\"https:\/\/nyumbainteriordesign.com\/es\/sobre-nosotras\/#breadcrumb\",\"itemListElement\":[{\"@type\":\"ListItem\",\"position\":1,\"name\":\"Home\",\"item\":\"https:\/\/nyumbainteriordesign.com\/es\/\"},{\"@type\":\"ListItem\",\"position\":2,\"name\":\"Sobre Nosotras\"}]},{\"@type\":\"WebSite\",\"@id\":\"https:\/\/nyumbainteriordesign.com\/#website\",\"url\":\"https:\/\/nyumbainteriordesign.com\/\",\"name\":\"Nyumba Interior Design Studio\",\"description\":\"\",\"potentialAction\":[{\"@type\":\"SearchAction\",\"target\":{\"@type\":\"EntryPoint\",\"urlTemplate\":\"https:\/\/nyumbainteriordesign.com\/?s={search_term_string}\"},\"query-input\":\"required name=search_term_string\"}],\"inLanguage\":\"es\"}]}<\/script>\n<!-- \/ Yoast SEO plugin. -->","yoast_head_json":{"title":"Sobre Nosotras - Nyumba Interior Design Studio","robots":{"index":"index","follow":"follow","max-snippet":"max-snippet:-1","max-image-preview":"max-image-preview:large","max-video-preview":"max-video-preview:-1"},"canonical":"https:\/\/nyumbainteriordesign.com\/es\/sobre-nosotras\/","og_locale":"es_ES","og_type":"article","og_title":"Sobre Nosotras - Nyumba Interior Design Studio","og_description":"[vc_row content_placement=\u00bbtop\u00bb css=\u00bb.vc_custom_1676663457696{padding-bottom: 3% !important;}\u00bb][vc_column][\/vc_column][\/vc_row][vc_row][vc_column][vc_separator color=\u00bbcustom\u00bb accent_color=\u00bb#d4d4d4&#8243; css=\u00bb.vc_custom_1676495059915{margin-bottom: 25px !important;}\u00bb][\/vc_column][\/vc_row][vc_row][vc_column][vc_custom_heading text=\u00bb\u00bfQuienes somos?\u00bb][\/vc_column][\/vc_row]","og_url":"https:\/\/nyumbainteriordesign.com\/es\/sobre-nosotras\/","og_site_name":"Nyumba Interior Design Studio","article_modified_time":"2026-02-20T10:50:54+00:00","twitter_card":"summary_large_image","twitter_misc":{"Tiempo de lectura":"1 minuto"},"schema":{"@context":"https:\/\/schema.org","@graph":[{"@type":"WebPage","@id":"https:\/\/nyumbainteriordesign.com\/es\/sobre-nosotras\/","url":"https:\/\/nyumbainteriordesign.com\/es\/sobre-nosotras\/","name":"Sobre Nosotras - Nyumba Interior Design Studio","isPartOf":{"@id":"https:\/\/nyumbainteriordesign.com\/#website"},"datePublished":"2017-07-25T10:42:44+00:00","dateModified":"2026-02-20T10:50:54+00:00","breadcrumb":{"@id":"https:\/\/nyumbainteriordesign.com\/es\/sobre-nosotras\/#breadcrumb"},"inLanguage":"es","potentialAction":[{"@type":"ReadAction","target":["https:\/\/nyumbainteriordesign.com\/es\/sobre-nosotras\/"]}]},{"@type":"BreadcrumbList","@id":"https:\/\/nyumbainteriordesign.com\/es\/sobre-nosotras\/#breadcrumb","itemListElement":[{"@type":"ListItem","position":1,"name":"Home","item":"https:\/\/nyumbainteriordesign.com\/es\/"},{"@type":"ListItem","position":2,"name":"Sobre Nosotras"}]},{"@type":"WebSite","@id":"https:\/\/nyumbainteriordesign.com\/#website","url":"https:\/\/nyumbainteriordesign.com\/","name":"Nyumba Interior Design Studio","description":"","potentialAction":[{"@type":"SearchAction","target":{"@type":"EntryPoint","urlTemplate":"https:\/\/nyumbainteriordesign.com\/?s={search_term_string}"},"query-input":"required name=search_term_string"}],"inLanguage":"es"}]}},"_links":{"self":[{"href":"https:\/\/nyumbainteriordesign.com\/es\/wp-json\/wp\/v2\/pages\/6324","targetHints":{"allow":["GET"]}}],"collection":[{"href":"https:\/\/nyumbainteriordesign.com\/es\/wp-json\/wp\/v2\/pages"}],"about":[{"href":"https:\/\/nyumbainteriordesign.com\/es\/wp-json\/wp\/v2\/types\/page"}],"author":[{"embeddable":true,"href":"https:\/\/nyumbainteriordesign.com\/es\/wp-json\/wp\/v2\/users\/1"}],"replies":[{"embeddable":true,"href":"https:\/\/nyumbainteriordesign.com\/es\/wp-json\/wp\/v2\/comments?post=6324"}],"version-history":[{"count":27,"href":"https:\/\/nyumbainteriordesign.com\/es\/wp-json\/wp\/v2\/pages\/6324\/revisions"}],"predecessor-version":[{"id":9240,"href":"https:\/\/nyumbainteriordesign.com\/es\/wp-json\/wp\/v2\/pages\/6324\/revisions\/9240"}],"wp:attachment":[{"href":"https:\/\/nyumbainteriordesign.com\/es\/wp-json\/wp\/v2\/media?parent=6324"}],"curies":[{"name":"wp","href":"https:\/\/api.w.org\/{rel}","templated":true}]}}