{"id":5735,"date":"2023-02-15T14:03:03","date_gmt":"2023-02-15T14:03:03","guid":{"rendered":"https:\/\/nyumbainteriordesign.entorno-desarrollo.es\/nuestras-creaciones\/"},"modified":"2025-09-04T09:13:15","modified_gmt":"2025-09-04T09:13:15","slug":"nuestras-creaciones","status":"publish","type":"page","link":"https:\/\/nyumbainteriordesign.com\/es\/nuestras-creaciones\/","title":{"rendered":"Utop\u00edas"},"content":{"rendered":"<section class=\"wpb-content-wrapper\"><p>[vc_row][vc_column][vc_custom_heading text=\u00bbImaginando\u00bb][vc_column_text css=\u00bb.vc_custom_1680209727982{margin-bottom: 30px !important;}\u00bb]<\/p>\n<div id=\"lipsum\">\n<p>Creatividad suele definirse en t\u00e9rminos de imaginaci\u00f3n e innovaci\u00f3n y est\u00e1 especialmente relacionada con la producci\u00f3n de obras de arte. Sin embargo, la creatividad no tiene que ver necesariamente con el arte en s\u00ed, sino que es una cualidad del ser art\u00edstico. Se trata de c\u00f3mo creamos y entretejemos significado y riqueza en nuestros d\u00edas. Ser creativo significa poseer curiosidad, capacidad de observaci\u00f3n aguda y pasi\u00f3n por la innovaci\u00f3n para moverse en el espacio y el tiempo de formas nuevas. Significa intentar algo diferente, lo que requiere que demos el salto a confiar en nuestra intuici\u00f3n para poder jugar en lo desconocido.<\/p>\n<p>La creatividad tambi\u00e9n es lujo. Pero lujo en t\u00e9rminos de pasi\u00f3n, tiempo y libertad de esp\u00edritu. Un producto de dise\u00f1o es un lujo que se define por la pasi\u00f3n, el tiempo y la creatividad que se pone en \u00e9l.<\/p>\n<p>Cuando la creatividad, el lujo y la pasi\u00f3n se unen se produce una explosi\u00f3n de dopamina indescriptible, del mismo modo que nos puede emocionar una obra de arte.<\/p>\n<\/div>\n<p>[\/vc_column_text]<div class=\"edgtf-image-gallery  edgtf-ig-masonry-type edgtf-has-shadow edgtf-image-behavior-lightbox\">\n\t<div class=\"edgtf-ig-inner edgtf-ig-masonry edgtf-ig-three-columns edgtf-ig-normal-space\">\n\t\t<div class=\"edgtf-ig-grid-sizer\"><\/div>\n\t\t<div class=\"edgtf-ig-grid-gutter\"><\/div>\n\t\t\t\t\t\t\t\t<div class=\"edgtf-ig-image \">\n\t\t\t\t<div class=\"edgtf-ig-image-inner\">\n\t\t\t\t\t\t\t\t\t\t\t<a itemprop=\"image\" class=\"edgtf-ig-lightbox\" href=\"https:\/\/nyumbainteriordesign.com\/wp-content\/uploads\/2023\/02\/Our-creations-5-1.jpg\" data-rel=\"prettyPhoto[image_gallery_pretty_photo-921]\" title=\"Our creations 5\">\n\t\t\t\t\t\t\t\t\t\t\t<img loading=\"lazy\" decoding=\"async\" width=\"667\" height=\"891\" src=\"https:\/\/nyumbainteriordesign.com\/wp-content\/uploads\/2023\/02\/Our-creations-5-1.jpg\" class=\"attachment- size-\" alt=\"\" srcset=\"https:\/\/nyumbainteriordesign.com\/wp-content\/uploads\/2023\/02\/Our-creations-5-1.jpg 667w, https:\/\/nyumbainteriordesign.com\/wp-content\/uploads\/2023\/02\/Our-creations-5-1-225x300.jpg 225w\" sizes=\"auto, (max-width: 667px) 100vw, 667px\" \/>\t\t\t\t\t\t\t\t\t\t\t<\/a>\n\t\t\t\t\t\t\t\t\t<\/div>\n\t\t\t<\/div>\n\t\t\t\t\t\t\t\t<div class=\"edgtf-ig-image \">\n\t\t\t\t<div class=\"edgtf-ig-image-inner\">\n\t\t\t\t\t\t\t\t\t\t\t<a itemprop=\"image\" class=\"edgtf-ig-lightbox\" href=\"https:\/\/nyumbainteriordesign.com\/wp-content\/uploads\/2023\/11\/wabi-sabi.jpg\" data-rel=\"prettyPhoto[image_gallery_pretty_photo-921]\" title=\"wabi sabi\">\n\t\t\t\t\t\t\t\t\t\t\t<img loading=\"lazy\" decoding=\"async\" width=\"1890\" height=\"1417\" src=\"https:\/\/nyumbainteriordesign.com\/wp-content\/uploads\/2023\/11\/wabi-sabi.jpg\" class=\"attachment- size-\" alt=\"\" srcset=\"https:\/\/nyumbainteriordesign.com\/wp-content\/uploads\/2023\/11\/wabi-sabi.jpg 1890w, https:\/\/nyumbainteriordesign.com\/wp-content\/uploads\/2023\/11\/wabi-sabi-300x225.jpg 300w, https:\/\/nyumbainteriordesign.com\/wp-content\/uploads\/2023\/11\/wabi-sabi-1024x768.jpg 1024w, https:\/\/nyumbainteriordesign.com\/wp-content\/uploads\/2023\/11\/wabi-sabi-768x576.jpg 768w, https:\/\/nyumbainteriordesign.com\/wp-content\/uploads\/2023\/11\/wabi-sabi-1536x1152.jpg 1536w\" sizes=\"auto, (max-width: 1890px) 100vw, 1890px\" \/>\t\t\t\t\t\t\t\t\t\t\t<\/a>\n\t\t\t\t\t\t\t\t\t<\/div>\n\t\t\t<\/div>\n\t\t\t\t\t\t\t\t<div class=\"edgtf-ig-image \">\n\t\t\t\t<div class=\"edgtf-ig-image-inner\">\n\t\t\t\t\t\t\t\t\t\t\t<a itemprop=\"image\" class=\"edgtf-ig-lightbox\" href=\"https:\/\/nyumbainteriordesign.com\/wp-content\/uploads\/2023\/11\/NEGR.jpg\" data-rel=\"prettyPhoto[image_gallery_pretty_photo-921]\" title=\"NEGR\">\n\t\t\t\t\t\t\t\t\t\t\t<img loading=\"lazy\" decoding=\"async\" width=\"1890\" height=\"1417\" src=\"https:\/\/nyumbainteriordesign.com\/wp-content\/uploads\/2023\/11\/NEGR.jpg\" class=\"attachment- size-\" alt=\"\" srcset=\"https:\/\/nyumbainteriordesign.com\/wp-content\/uploads\/2023\/11\/NEGR.jpg 1890w, https:\/\/nyumbainteriordesign.com\/wp-content\/uploads\/2023\/11\/NEGR-300x225.jpg 300w, https:\/\/nyumbainteriordesign.com\/wp-content\/uploads\/2023\/11\/NEGR-1024x768.jpg 1024w, https:\/\/nyumbainteriordesign.com\/wp-content\/uploads\/2023\/11\/NEGR-768x576.jpg 768w, https:\/\/nyumbainteriordesign.com\/wp-content\/uploads\/2023\/11\/NEGR-1536x1152.jpg 1536w\" sizes=\"auto, (max-width: 1890px) 100vw, 1890px\" \/>\t\t\t\t\t\t\t\t\t\t\t<\/a>\n\t\t\t\t\t\t\t\t\t<\/div>\n\t\t\t<\/div>\n\t\t\t\t\t\t\t\t<div class=\"edgtf-ig-image \">\n\t\t\t\t<div class=\"edgtf-ig-image-inner\">\n\t\t\t\t\t\t\t\t\t\t\t<a itemprop=\"image\" class=\"edgtf-ig-lightbox\" href=\"https:\/\/nyumbainteriordesign.com\/wp-content\/uploads\/2023\/11\/Sin-titulo-1.jpg\" data-rel=\"prettyPhoto[image_gallery_pretty_photo-921]\" title=\"Sin t\u00edtulo-1\">\n\t\t\t\t\t\t\t\t\t\t\t<img loading=\"lazy\" decoding=\"async\" width=\"1417\" height=\"1890\" src=\"https:\/\/nyumbainteriordesign.com\/wp-content\/uploads\/2023\/11\/Sin-titulo-1.jpg\" class=\"attachment- size-\" alt=\"\" srcset=\"https:\/\/nyumbainteriordesign.com\/wp-content\/uploads\/2023\/11\/Sin-titulo-1.jpg 1417w, https:\/\/nyumbainteriordesign.com\/wp-content\/uploads\/2023\/11\/Sin-titulo-1-225x300.jpg 225w, https:\/\/nyumbainteriordesign.com\/wp-content\/uploads\/2023\/11\/Sin-titulo-1-768x1024.jpg 768w, https:\/\/nyumbainteriordesign.com\/wp-content\/uploads\/2023\/11\/Sin-titulo-1-1152x1536.jpg 1152w\" sizes=\"auto, (max-width: 1417px) 100vw, 1417px\" \/>\t\t\t\t\t\t\t\t\t\t\t<\/a>\n\t\t\t\t\t\t\t\t\t<\/div>\n\t\t\t<\/div>\n\t\t\t\t\t\t\t\t<div class=\"edgtf-ig-image \">\n\t\t\t\t<div class=\"edgtf-ig-image-inner\">\n\t\t\t\t\t\t\t\t\t\t\t<a itemprop=\"image\" class=\"edgtf-ig-lightbox\" href=\"https:\/\/nyumbainteriordesign.com\/wp-content\/uploads\/2023\/11\/PAJAROS-copia.jpg\" data-rel=\"prettyPhoto[image_gallery_pretty_photo-921]\" title=\"PAJAROS copia\">\n\t\t\t\t\t\t\t\t\t\t\t<img loading=\"lazy\" decoding=\"async\" width=\"1890\" height=\"1417\" src=\"https:\/\/nyumbainteriordesign.com\/wp-content\/uploads\/2023\/11\/PAJAROS-copia.jpg\" class=\"attachment- size-\" alt=\"\" srcset=\"https:\/\/nyumbainteriordesign.com\/wp-content\/uploads\/2023\/11\/PAJAROS-copia.jpg 1890w, https:\/\/nyumbainteriordesign.com\/wp-content\/uploads\/2023\/11\/PAJAROS-copia-300x225.jpg 300w, https:\/\/nyumbainteriordesign.com\/wp-content\/uploads\/2023\/11\/PAJAROS-copia-1024x768.jpg 1024w, https:\/\/nyumbainteriordesign.com\/wp-content\/uploads\/2023\/11\/PAJAROS-copia-768x576.jpg 768w, https:\/\/nyumbainteriordesign.com\/wp-content\/uploads\/2023\/11\/PAJAROS-copia-1536x1152.jpg 1536w\" sizes=\"auto, (max-width: 1890px) 100vw, 1890px\" \/>\t\t\t\t\t\t\t\t\t\t\t<\/a>\n\t\t\t\t\t\t\t\t\t<\/div>\n\t\t\t<\/div>\n\t\t\t\t\t\t\t\t<div class=\"edgtf-ig-image \">\n\t\t\t\t<div class=\"edgtf-ig-image-inner\">\n\t\t\t\t\t\t\t\t\t\t\t<a itemprop=\"image\" class=\"edgtf-ig-lightbox\" href=\"https:\/\/nyumbainteriordesign.com\/wp-content\/uploads\/2025\/09\/Gemini_Generated_Image_ulp0n3ulp0n3ulp0-copia.png\" data-rel=\"prettyPhoto[image_gallery_pretty_photo-921]\" title=\"Gemini_Generated_Image_ulp0n3ulp0n3ulp0 copia\">\n\t\t\t\t\t\t\t\t\t\t\t<img loading=\"lazy\" decoding=\"async\" width=\"1024\" height=\"1024\" src=\"https:\/\/nyumbainteriordesign.com\/wp-content\/uploads\/2025\/09\/Gemini_Generated_Image_ulp0n3ulp0n3ulp0-copia.png\" class=\"attachment- size-\" alt=\"\" srcset=\"https:\/\/nyumbainteriordesign.com\/wp-content\/uploads\/2025\/09\/Gemini_Generated_Image_ulp0n3ulp0n3ulp0-copia.png 1024w, https:\/\/nyumbainteriordesign.com\/wp-content\/uploads\/2025\/09\/Gemini_Generated_Image_ulp0n3ulp0n3ulp0-copia-300x300.png 300w, https:\/\/nyumbainteriordesign.com\/wp-content\/uploads\/2025\/09\/Gemini_Generated_Image_ulp0n3ulp0n3ulp0-copia-150x150.png 150w, https:\/\/nyumbainteriordesign.com\/wp-content\/uploads\/2025\/09\/Gemini_Generated_Image_ulp0n3ulp0n3ulp0-copia-768x768.png 768w, https:\/\/nyumbainteriordesign.com\/wp-content\/uploads\/2025\/09\/Gemini_Generated_Image_ulp0n3ulp0n3ulp0-copia-550x550.png 550w\" sizes=\"auto, (max-width: 1024px) 100vw, 1024px\" \/>\t\t\t\t\t\t\t\t\t\t\t<\/a>\n\t\t\t\t\t\t\t\t\t<\/div>\n\t\t\t<\/div>\n\t\t\t\t\t\t\t\t<div class=\"edgtf-ig-image \">\n\t\t\t\t<div class=\"edgtf-ig-image-inner\">\n\t\t\t\t\t\t\t\t\t\t\t<a itemprop=\"image\" class=\"edgtf-ig-lightbox\" href=\"https:\/\/nyumbainteriordesign.com\/wp-content\/uploads\/2025\/09\/Gemini_Generated_Image_4vhpfx4vhpfx4vhp-copia.png\" data-rel=\"prettyPhoto[image_gallery_pretty_photo-921]\" title=\"Gemini_Generated_Image_4vhpfx4vhpfx4vhp copia\">\n\t\t\t\t\t\t\t\t\t\t\t<img loading=\"lazy\" decoding=\"async\" width=\"1024\" height=\"1024\" src=\"https:\/\/nyumbainteriordesign.com\/wp-content\/uploads\/2025\/09\/Gemini_Generated_Image_4vhpfx4vhpfx4vhp-copia.png\" class=\"attachment- size-\" alt=\"\" srcset=\"https:\/\/nyumbainteriordesign.com\/wp-content\/uploads\/2025\/09\/Gemini_Generated_Image_4vhpfx4vhpfx4vhp-copia.png 1024w, https:\/\/nyumbainteriordesign.com\/wp-content\/uploads\/2025\/09\/Gemini_Generated_Image_4vhpfx4vhpfx4vhp-copia-300x300.png 300w, https:\/\/nyumbainteriordesign.com\/wp-content\/uploads\/2025\/09\/Gemini_Generated_Image_4vhpfx4vhpfx4vhp-copia-150x150.png 150w, https:\/\/nyumbainteriordesign.com\/wp-content\/uploads\/2025\/09\/Gemini_Generated_Image_4vhpfx4vhpfx4vhp-copia-768x768.png 768w, https:\/\/nyumbainteriordesign.com\/wp-content\/uploads\/2025\/09\/Gemini_Generated_Image_4vhpfx4vhpfx4vhp-copia-550x550.png 550w\" sizes=\"auto, (max-width: 1024px) 100vw, 1024px\" \/>\t\t\t\t\t\t\t\t\t\t\t<\/a>\n\t\t\t\t\t\t\t\t\t<\/div>\n\t\t\t<\/div>\n\t\t\t<\/div>\n<\/div>[\/vc_column][\/vc_row]<\/p>\n<\/section>","protected":false},"excerpt":{"rendered":"<p>[vc_row][vc_column][vc_custom_heading text=\u00bbImaginando\u00bb][vc_column_text css=\u00bb.vc_custom_1680209727982{margin-bottom: 30px !important;}\u00bb] Creatividad suele definirse en t\u00e9rminos de imaginaci\u00f3n e innovaci\u00f3n y est\u00e1 especialmente relacionada con la producci\u00f3n de obras de arte. Sin embargo, la creatividad no tiene que ver necesariamente con el arte en s\u00ed, sino [&hellip;]<\/p>\n","protected":false},"author":1,"featured_media":5643,"parent":0,"menu_order":0,"comment_status":"closed","ping_status":"closed","template":"","meta":{"footnotes":""},"class_list":["post-5735","page","type-page","status-publish","has-post-thumbnail","hentry"],"yoast_head":"<!-- This site is optimized with the Yoast SEO plugin v20.7 - https:\/\/yoast.com\/wordpress\/plugins\/seo\/ -->\n<title>Utop\u00edas - Nyumba Interior Design Studio<\/title>\n<meta name=\"robots\" content=\"index, follow, max-snippet:-1, max-image-preview:large, max-video-preview:-1\" \/>\n<link rel=\"canonical\" href=\"https:\/\/nyumbainteriordesign.com\/es\/nuestras-creaciones\/\" \/>\n<meta property=\"og:locale\" content=\"es_ES\" \/>\n<meta property=\"og:type\" content=\"article\" \/>\n<meta property=\"og:title\" content=\"Utop\u00edas - Nyumba Interior Design Studio\" \/>\n<meta property=\"og:description\" content=\"[vc_row][vc_column][vc_custom_heading text=\u00bbImaginando\u00bb][vc_column_text css=\u00bb.vc_custom_1680209727982{margin-bottom: 30px !important;}\u00bb] Creatividad suele definirse en t\u00e9rminos de imaginaci\u00f3n e innovaci\u00f3n y est\u00e1 especialmente relacionada con la producci\u00f3n de obras de arte. Sin embargo, la creatividad no tiene que ver necesariamente con el arte en s\u00ed, sino [&hellip;]\" \/>\n<meta property=\"og:url\" content=\"https:\/\/nyumbainteriordesign.com\/es\/nuestras-creaciones\/\" \/>\n<meta property=\"og:site_name\" content=\"Nyumba Interior Design Studio\" \/>\n<meta property=\"article:modified_time\" content=\"2025-09-04T09:13:15+00:00\" \/>\n<meta property=\"og:image\" content=\"https:\/\/nyumbainteriordesign.com\/wp-content\/uploads\/2023\/02\/building-5738714_1920.jpg\" \/>\n\t<meta property=\"og:image:width\" content=\"1920\" \/>\n\t<meta property=\"og:image:height\" content=\"1212\" \/>\n\t<meta property=\"og:image:type\" content=\"image\/jpeg\" \/>\n<meta name=\"twitter:card\" content=\"summary_large_image\" \/>\n<meta name=\"twitter:label1\" content=\"Tiempo de lectura\" \/>\n\t<meta name=\"twitter:data1\" content=\"1 minuto\" \/>\n<script type=\"application\/ld+json\" class=\"yoast-schema-graph\">{\"@context\":\"https:\/\/schema.org\",\"@graph\":[{\"@type\":\"WebPage\",\"@id\":\"https:\/\/nyumbainteriordesign.com\/es\/nuestras-creaciones\/\",\"url\":\"https:\/\/nyumbainteriordesign.com\/es\/nuestras-creaciones\/\",\"name\":\"Utop\u00edas - Nyumba Interior Design Studio\",\"isPartOf\":{\"@id\":\"https:\/\/nyumbainteriordesign.com\/#website\"},\"datePublished\":\"2023-02-15T14:03:03+00:00\",\"dateModified\":\"2025-09-04T09:13:15+00:00\",\"breadcrumb\":{\"@id\":\"https:\/\/nyumbainteriordesign.com\/es\/nuestras-creaciones\/#breadcrumb\"},\"inLanguage\":\"es\",\"potentialAction\":[{\"@type\":\"ReadAction\",\"target\":[\"https:\/\/nyumbainteriordesign.com\/es\/nuestras-creaciones\/\"]}]},{\"@type\":\"BreadcrumbList\",\"@id\":\"https:\/\/nyumbainteriordesign.com\/es\/nuestras-creaciones\/#breadcrumb\",\"itemListElement\":[{\"@type\":\"ListItem\",\"position\":1,\"name\":\"Home\",\"item\":\"https:\/\/nyumbainteriordesign.com\/es\/\"},{\"@type\":\"ListItem\",\"position\":2,\"name\":\"Utop\u00edas\"}]},{\"@type\":\"WebSite\",\"@id\":\"https:\/\/nyumbainteriordesign.com\/#website\",\"url\":\"https:\/\/nyumbainteriordesign.com\/\",\"name\":\"Nyumba Interior Design Studio\",\"description\":\"\",\"potentialAction\":[{\"@type\":\"SearchAction\",\"target\":{\"@type\":\"EntryPoint\",\"urlTemplate\":\"https:\/\/nyumbainteriordesign.com\/?s={search_term_string}\"},\"query-input\":\"required name=search_term_string\"}],\"inLanguage\":\"es\"}]}<\/script>\n<!-- \/ Yoast SEO plugin. -->","yoast_head_json":{"title":"Utop\u00edas - Nyumba Interior Design Studio","robots":{"index":"index","follow":"follow","max-snippet":"max-snippet:-1","max-image-preview":"max-image-preview:large","max-video-preview":"max-video-preview:-1"},"canonical":"https:\/\/nyumbainteriordesign.com\/es\/nuestras-creaciones\/","og_locale":"es_ES","og_type":"article","og_title":"Utop\u00edas - Nyumba Interior Design Studio","og_description":"[vc_row][vc_column][vc_custom_heading text=\u00bbImaginando\u00bb][vc_column_text css=\u00bb.vc_custom_1680209727982{margin-bottom: 30px !important;}\u00bb] Creatividad suele definirse en t\u00e9rminos de imaginaci\u00f3n e innovaci\u00f3n y est\u00e1 especialmente relacionada con la producci\u00f3n de obras de arte. Sin embargo, la creatividad no tiene que ver necesariamente con el arte en s\u00ed, sino [&hellip;]","og_url":"https:\/\/nyumbainteriordesign.com\/es\/nuestras-creaciones\/","og_site_name":"Nyumba Interior Design Studio","article_modified_time":"2025-09-04T09:13:15+00:00","og_image":[{"width":1920,"height":1212,"url":"https:\/\/nyumbainteriordesign.com\/wp-content\/uploads\/2023\/02\/building-5738714_1920.jpg","type":"image\/jpeg"}],"twitter_card":"summary_large_image","twitter_misc":{"Tiempo de lectura":"1 minuto"},"schema":{"@context":"https:\/\/schema.org","@graph":[{"@type":"WebPage","@id":"https:\/\/nyumbainteriordesign.com\/es\/nuestras-creaciones\/","url":"https:\/\/nyumbainteriordesign.com\/es\/nuestras-creaciones\/","name":"Utop\u00edas - Nyumba Interior Design Studio","isPartOf":{"@id":"https:\/\/nyumbainteriordesign.com\/#website"},"datePublished":"2023-02-15T14:03:03+00:00","dateModified":"2025-09-04T09:13:15+00:00","breadcrumb":{"@id":"https:\/\/nyumbainteriordesign.com\/es\/nuestras-creaciones\/#breadcrumb"},"inLanguage":"es","potentialAction":[{"@type":"ReadAction","target":["https:\/\/nyumbainteriordesign.com\/es\/nuestras-creaciones\/"]}]},{"@type":"BreadcrumbList","@id":"https:\/\/nyumbainteriordesign.com\/es\/nuestras-creaciones\/#breadcrumb","itemListElement":[{"@type":"ListItem","position":1,"name":"Home","item":"https:\/\/nyumbainteriordesign.com\/es\/"},{"@type":"ListItem","position":2,"name":"Utop\u00edas"}]},{"@type":"WebSite","@id":"https:\/\/nyumbainteriordesign.com\/#website","url":"https:\/\/nyumbainteriordesign.com\/","name":"Nyumba Interior Design Studio","description":"","potentialAction":[{"@type":"SearchAction","target":{"@type":"EntryPoint","urlTemplate":"https:\/\/nyumbainteriordesign.com\/?s={search_term_string}"},"query-input":"required name=search_term_string"}],"inLanguage":"es"}]}},"_links":{"self":[{"href":"https:\/\/nyumbainteriordesign.com\/es\/wp-json\/wp\/v2\/pages\/5735","targetHints":{"allow":["GET"]}}],"collection":[{"href":"https:\/\/nyumbainteriordesign.com\/es\/wp-json\/wp\/v2\/pages"}],"about":[{"href":"https:\/\/nyumbainteriordesign.com\/es\/wp-json\/wp\/v2\/types\/page"}],"author":[{"embeddable":true,"href":"https:\/\/nyumbainteriordesign.com\/es\/wp-json\/wp\/v2\/users\/1"}],"replies":[{"embeddable":true,"href":"https:\/\/nyumbainteriordesign.com\/es\/wp-json\/wp\/v2\/comments?post=5735"}],"version-history":[{"count":28,"href":"https:\/\/nyumbainteriordesign.com\/es\/wp-json\/wp\/v2\/pages\/5735\/revisions"}],"predecessor-version":[{"id":8953,"href":"https:\/\/nyumbainteriordesign.com\/es\/wp-json\/wp\/v2\/pages\/5735\/revisions\/8953"}],"wp:featuredmedia":[{"embeddable":true,"href":"https:\/\/nyumbainteriordesign.com\/es\/wp-json\/wp\/v2\/media\/5643"}],"wp:attachment":[{"href":"https:\/\/nyumbainteriordesign.com\/es\/wp-json\/wp\/v2\/media?parent=5735"}],"curies":[{"name":"wp","href":"https:\/\/api.w.org\/{rel}","templated":true}]}}