{"id":5719,"date":"2023-02-14T21:22:18","date_gmt":"2023-02-14T21:22:18","guid":{"rendered":"https:\/\/nyumbainteriordesign.entorno-desarrollo.es\/residencial\/"},"modified":"2025-09-12T07:54:33","modified_gmt":"2025-09-12T07:54:33","slug":"residencial","status":"publish","type":"page","link":"https:\/\/nyumbainteriordesign.com\/es\/portafolio\/residencial\/","title":{"rendered":"Residencial"},"content":{"rendered":"<section class=\"wpb-content-wrapper\"><p>[vc_row row_content_width=\u00bbgrid\u00bb css=\u00bb.vc_custom_1677102075167{margin-bottom: 50px !important;padding-bottom: 35px !important;}\u00bb][vc_column][vc_custom_heading text=\u00bbResidencial\u00bb][vc_column_text][\/vc_column_text][vc_separator color=\u00bbcustom\u00bb accent_color=\u00bb#d4d4d4&#8243; css=\u00bb.vc_custom_1677094794130{margin-top: 30px !important;margin-bottom: 30px !important;}\u00bb]<div class=\"edgtf-portfolio-list-holder edgtf-pl-gallery edgtf-normal-space edgtf-pl-three-columns edgtf-pl-standard-shader     edgtf-pl-pag-no-pagination     \"  data-type=gallery data-space-between-items=normal data-number-of-items=-1 data-image-proportions=square data-enable-fixed-proportions=no data-enable-image-shadow=no data-category=residential data-order-by=date data-order=ASC data-item-style=standard-shader data-enable-title=yes data-title-tag=h4 data-enable-category=yes data-enable-count-images=no data-enable-excerpt=no data-excerpt-length=20 data-pagination-type=no-pagination data-filter=no data-filter-order-by=name data-enable-article-animation=no data-portfolio-slider-on=no data-enable-loop=yes data-enable-autoplay=yes data-slider-speed=5000 data-slider-speed-animation=600 data-enable-navigation=yes data-enable-pagination=yes data-max-num-pages=0 data-next-page=2>\n\t\t\n\t<div class=\"edgtf-pl-inner  clearfix\">\n\t\t<article class=\"edgtf-pl-item  post-6759 portfolio-item type-portfolio-item status-publish has-post-thumbnail hentry portfolio-category-residencial\">\n\t<div class=\"edgtf-pl-item-inner\">\n\t\t<div class=\"edgtf-pli-image\">\n\t\t\t<img loading=\"lazy\" decoding=\"async\" width=\"550\" height=\"550\" src=\"https:\/\/nyumbainteriordesign.com\/wp-content\/uploads\/2023\/02\/IMG_3788-550x550.jpg\" class=\"attachment-esben_edge_square size-esben_edge_square wp-post-image\" alt=\"\" srcset=\"https:\/\/nyumbainteriordesign.com\/wp-content\/uploads\/2023\/02\/IMG_3788-550x550.jpg 550w, https:\/\/nyumbainteriordesign.com\/wp-content\/uploads\/2023\/02\/IMG_3788-150x150.jpg 150w, https:\/\/nyumbainteriordesign.com\/wp-content\/uploads\/2023\/02\/IMG_3788-1100x1100.jpg 1100w\" sizes=\"auto, (max-width: 550px) 100vw, 550px\" \/>\t<\/div>\n<div class=\"edgtf-pli-text-holder\">\n\t<div class=\"edgtf-pli-text-wrapper\">\n\t\t<div class=\"edgtf-pli-text\">\n\t\t\t\t<h4 itemprop=\"name\" class=\"edgtf-pli-title entry-title\" >\n\t\tVilla en Sotogrande\t<\/h4>\n\n            \n\t\t\t\t\t<div class=\"edgtf-pli-category-holder\">\n\t\t\t\t\t\t\t<a itemprop=\"url\" class=\"edgtf-pli-category\" href=\"https:\/\/nyumbainteriordesign.com\/es\/portfolio-category\/residencial\/\">Residencial<\/a>\n\t\t\t\t\t<\/div>\n\t\n\t\t\t\t\t<\/div>\n\t<\/div>\n<\/div>\t\t\n\t\t<a itemprop=\"url\" class=\"edgtf-pli-link edgtf-block-drag-link\" href=\"https:\/\/nyumbainteriordesign.com\/es\/portfolio-item\/villa-contemporanea-sotogrande\/\" target=\"_self\"><\/a>\n\t<\/div>\n<\/article><article class=\"edgtf-pl-item  post-6152 portfolio-item type-portfolio-item status-publish has-post-thumbnail hentry portfolio-category-residencial\">\n\t<div class=\"edgtf-pl-item-inner\">\n\t\t<div class=\"edgtf-pli-image\">\n\t\t\t<img loading=\"lazy\" decoding=\"async\" width=\"550\" height=\"550\" src=\"https:\/\/nyumbainteriordesign.com\/wp-content\/uploads\/2022\/08\/Gemini_Generated_Image_3jhnzf3jhnzf3jhn-550x550.png\" class=\"attachment-esben_edge_square size-esben_edge_square wp-post-image\" alt=\"\" srcset=\"https:\/\/nyumbainteriordesign.com\/wp-content\/uploads\/2022\/08\/Gemini_Generated_Image_3jhnzf3jhnzf3jhn-550x550.png 550w, https:\/\/nyumbainteriordesign.com\/wp-content\/uploads\/2022\/08\/Gemini_Generated_Image_3jhnzf3jhnzf3jhn-150x150.png 150w\" sizes=\"auto, (max-width: 550px) 100vw, 550px\" \/>\t<\/div>\n<div class=\"edgtf-pli-text-holder\">\n\t<div class=\"edgtf-pli-text-wrapper\">\n\t\t<div class=\"edgtf-pli-text\">\n\t\t\t\t<h4 itemprop=\"name\" class=\"edgtf-pli-title entry-title\" >\n\t\tResidencia familiar\t<\/h4>\n\n            \n\t\t\t\t\t<div class=\"edgtf-pli-category-holder\">\n\t\t\t\t\t\t\t<a itemprop=\"url\" class=\"edgtf-pli-category\" href=\"https:\/\/nyumbainteriordesign.com\/es\/portfolio-category\/residencial\/\">Residencial<\/a>\n\t\t\t\t\t<\/div>\n\t\n\t\t\t\t\t<\/div>\n\t<\/div>\n<\/div>\t\t\n\t\t<a itemprop=\"url\" class=\"edgtf-pli-link edgtf-block-drag-link\" href=\"https:\/\/nyumbainteriordesign.com\/es\/portfolio-item\/casa-contemporanea-gibraltar\/\" target=\"_self\"><\/a>\n\t<\/div>\n<\/article><article class=\"edgtf-pl-item  post-9026 portfolio-item type-portfolio-item status-publish has-post-thumbnail hentry portfolio-category-proyectos portfolio-category-residencial\">\n\t<div class=\"edgtf-pl-item-inner\">\n\t\t<div class=\"edgtf-pli-image\">\n\t\t\t<img loading=\"lazy\" decoding=\"async\" width=\"550\" height=\"550\" src=\"https:\/\/nyumbainteriordesign.com\/wp-content\/uploads\/2025\/09\/Gemini_Generated_Image_r6fv9ar6fv9ar6fv-550x550.png\" class=\"attachment-esben_edge_square size-esben_edge_square wp-post-image\" alt=\"\" srcset=\"https:\/\/nyumbainteriordesign.com\/wp-content\/uploads\/2025\/09\/Gemini_Generated_Image_r6fv9ar6fv9ar6fv-550x550.png 550w, https:\/\/nyumbainteriordesign.com\/wp-content\/uploads\/2025\/09\/Gemini_Generated_Image_r6fv9ar6fv9ar6fv-150x150.png 150w\" sizes=\"auto, (max-width: 550px) 100vw, 550px\" \/>\t<\/div>\n<div class=\"edgtf-pli-text-holder\">\n\t<div class=\"edgtf-pli-text-wrapper\">\n\t\t<div class=\"edgtf-pli-text\">\n\t\t\t\t<h4 itemprop=\"name\" class=\"edgtf-pli-title entry-title\" >\n\t\tRenovaci\u00f3n de vivienda del siglo XIX en el centro hist\u00f3rico de M\u00e1laga\t<\/h4>\n\n            \n\t\t\t\t\t<div class=\"edgtf-pli-category-holder\">\n\t\t\t\t\t\t\t<a itemprop=\"url\" class=\"edgtf-pli-category\" href=\"https:\/\/nyumbainteriordesign.com\/es\/portfolio-category\/proyectos\/\">Proyectos<\/a>\n\t\t\t\t\t\t\t<a itemprop=\"url\" class=\"edgtf-pli-category\" href=\"https:\/\/nyumbainteriordesign.com\/es\/portfolio-category\/residencial\/\">Residencial<\/a>\n\t\t\t\t\t<\/div>\n\t\n\t\t\t\t\t<\/div>\n\t<\/div>\n<\/div>\t\t\n\t\t<a itemprop=\"url\" class=\"edgtf-pli-link edgtf-block-drag-link\" href=\"https:\/\/nyumbainteriordesign.com\/es\/portfolio-item\/renovacion-de-vivienda-del-siglo-xix-en-el-centro-historico-de-malaga\/\" target=\"_self\"><\/a>\n\t<\/div>\n<\/article>\t<\/div>\n\t\n\t<\/div>[\/vc_column][\/vc_row]<\/p>\n<\/section>","protected":false},"excerpt":{"rendered":"<p>[vc_row row_content_width=\u00bbgrid\u00bb css=\u00bb.vc_custom_1677102075167{margin-bottom: 50px !important;padding-bottom: 35px !important;}\u00bb][vc_column][vc_custom_heading text=\u00bbResidencial\u00bb][vc_column_text][\/vc_column_text][vc_separator color=\u00bbcustom\u00bb accent_color=\u00bb#d4d4d4&#8243; css=\u00bb.vc_custom_1677094794130{margin-top: 30px !important;margin-bottom: 30px !important;}\u00bb][\/vc_column][\/vc_row]<\/p>\n","protected":false},"author":1,"featured_media":0,"parent":5830,"menu_order":0,"comment_status":"closed","ping_status":"closed","template":"full-width.php","meta":{"footnotes":""},"class_list":["post-5719","page","type-page","status-publish","hentry"],"yoast_head":"<!-- This site is optimized with the Yoast SEO plugin v20.7 - https:\/\/yoast.com\/wordpress\/plugins\/seo\/ -->\n<title>Residencial - Nyumba Interior Design Studio<\/title>\n<meta name=\"robots\" content=\"index, follow, max-snippet:-1, max-image-preview:large, max-video-preview:-1\" \/>\n<link rel=\"canonical\" href=\"https:\/\/nyumbainteriordesign.com\/es\/portafolio\/residencial\/\" \/>\n<meta property=\"og:locale\" content=\"es_ES\" \/>\n<meta property=\"og:type\" content=\"article\" \/>\n<meta property=\"og:title\" content=\"Residencial - Nyumba Interior Design Studio\" \/>\n<meta property=\"og:description\" content=\"[vc_row row_content_width=\u00bbgrid\u00bb css=\u00bb.vc_custom_1677102075167{margin-bottom: 50px !important;padding-bottom: 35px !important;}\u00bb][vc_column][vc_custom_heading text=\u00bbResidencial\u00bb][vc_column_text][\/vc_column_text][vc_separator color=\u00bbcustom\u00bb accent_color=\u00bb#d4d4d4&#8243; css=\u00bb.vc_custom_1677094794130{margin-top: 30px !important;margin-bottom: 30px !important;}\u00bb][\/vc_column][\/vc_row]\" \/>\n<meta property=\"og:url\" content=\"https:\/\/nyumbainteriordesign.com\/es\/portafolio\/residencial\/\" \/>\n<meta property=\"og:site_name\" content=\"Nyumba Interior Design Studio\" \/>\n<meta property=\"article:modified_time\" content=\"2025-09-12T07:54:33+00:00\" \/>\n<meta name=\"twitter:card\" content=\"summary_large_image\" \/>\n<meta name=\"twitter:label1\" content=\"Tiempo de lectura\" \/>\n\t<meta name=\"twitter:data1\" content=\"1 minuto\" \/>\n<script type=\"application\/ld+json\" class=\"yoast-schema-graph\">{\"@context\":\"https:\/\/schema.org\",\"@graph\":[{\"@type\":\"WebPage\",\"@id\":\"https:\/\/nyumbainteriordesign.com\/es\/portafolio\/residencial\/\",\"url\":\"https:\/\/nyumbainteriordesign.com\/es\/portafolio\/residencial\/\",\"name\":\"Residencial - Nyumba Interior Design Studio\",\"isPartOf\":{\"@id\":\"https:\/\/nyumbainteriordesign.com\/#website\"},\"datePublished\":\"2023-02-14T21:22:18+00:00\",\"dateModified\":\"2025-09-12T07:54:33+00:00\",\"breadcrumb\":{\"@id\":\"https:\/\/nyumbainteriordesign.com\/es\/portafolio\/residencial\/#breadcrumb\"},\"inLanguage\":\"es\",\"potentialAction\":[{\"@type\":\"ReadAction\",\"target\":[\"https:\/\/nyumbainteriordesign.com\/es\/portafolio\/residencial\/\"]}]},{\"@type\":\"BreadcrumbList\",\"@id\":\"https:\/\/nyumbainteriordesign.com\/es\/portafolio\/residencial\/#breadcrumb\",\"itemListElement\":[{\"@type\":\"ListItem\",\"position\":1,\"name\":\"Home\",\"item\":\"https:\/\/nyumbainteriordesign.com\/es\/\"},{\"@type\":\"ListItem\",\"position\":2,\"name\":\"Portafolio\",\"item\":\"https:\/\/nyumbainteriordesign.com\/es\/?page_id=5830\"},{\"@type\":\"ListItem\",\"position\":3,\"name\":\"Residencial\"}]},{\"@type\":\"WebSite\",\"@id\":\"https:\/\/nyumbainteriordesign.com\/#website\",\"url\":\"https:\/\/nyumbainteriordesign.com\/\",\"name\":\"Nyumba Interior Design Studio\",\"description\":\"\",\"potentialAction\":[{\"@type\":\"SearchAction\",\"target\":{\"@type\":\"EntryPoint\",\"urlTemplate\":\"https:\/\/nyumbainteriordesign.com\/?s={search_term_string}\"},\"query-input\":\"required name=search_term_string\"}],\"inLanguage\":\"es\"}]}<\/script>\n<!-- \/ Yoast SEO plugin. -->","yoast_head_json":{"title":"Residencial - Nyumba Interior Design Studio","robots":{"index":"index","follow":"follow","max-snippet":"max-snippet:-1","max-image-preview":"max-image-preview:large","max-video-preview":"max-video-preview:-1"},"canonical":"https:\/\/nyumbainteriordesign.com\/es\/portafolio\/residencial\/","og_locale":"es_ES","og_type":"article","og_title":"Residencial - Nyumba Interior Design Studio","og_description":"[vc_row row_content_width=\u00bbgrid\u00bb css=\u00bb.vc_custom_1677102075167{margin-bottom: 50px !important;padding-bottom: 35px !important;}\u00bb][vc_column][vc_custom_heading text=\u00bbResidencial\u00bb][vc_column_text][\/vc_column_text][vc_separator color=\u00bbcustom\u00bb accent_color=\u00bb#d4d4d4&#8243; css=\u00bb.vc_custom_1677094794130{margin-top: 30px !important;margin-bottom: 30px !important;}\u00bb][\/vc_column][\/vc_row]","og_url":"https:\/\/nyumbainteriordesign.com\/es\/portafolio\/residencial\/","og_site_name":"Nyumba Interior Design Studio","article_modified_time":"2025-09-12T07:54:33+00:00","twitter_card":"summary_large_image","twitter_misc":{"Tiempo de lectura":"1 minuto"},"schema":{"@context":"https:\/\/schema.org","@graph":[{"@type":"WebPage","@id":"https:\/\/nyumbainteriordesign.com\/es\/portafolio\/residencial\/","url":"https:\/\/nyumbainteriordesign.com\/es\/portafolio\/residencial\/","name":"Residencial - Nyumba Interior Design Studio","isPartOf":{"@id":"https:\/\/nyumbainteriordesign.com\/#website"},"datePublished":"2023-02-14T21:22:18+00:00","dateModified":"2025-09-12T07:54:33+00:00","breadcrumb":{"@id":"https:\/\/nyumbainteriordesign.com\/es\/portafolio\/residencial\/#breadcrumb"},"inLanguage":"es","potentialAction":[{"@type":"ReadAction","target":["https:\/\/nyumbainteriordesign.com\/es\/portafolio\/residencial\/"]}]},{"@type":"BreadcrumbList","@id":"https:\/\/nyumbainteriordesign.com\/es\/portafolio\/residencial\/#breadcrumb","itemListElement":[{"@type":"ListItem","position":1,"name":"Home","item":"https:\/\/nyumbainteriordesign.com\/es\/"},{"@type":"ListItem","position":2,"name":"Portafolio","item":"https:\/\/nyumbainteriordesign.com\/es\/?page_id=5830"},{"@type":"ListItem","position":3,"name":"Residencial"}]},{"@type":"WebSite","@id":"https:\/\/nyumbainteriordesign.com\/#website","url":"https:\/\/nyumbainteriordesign.com\/","name":"Nyumba Interior Design Studio","description":"","potentialAction":[{"@type":"SearchAction","target":{"@type":"EntryPoint","urlTemplate":"https:\/\/nyumbainteriordesign.com\/?s={search_term_string}"},"query-input":"required name=search_term_string"}],"inLanguage":"es"}]}},"_links":{"self":[{"href":"https:\/\/nyumbainteriordesign.com\/es\/wp-json\/wp\/v2\/pages\/5719","targetHints":{"allow":["GET"]}}],"collection":[{"href":"https:\/\/nyumbainteriordesign.com\/es\/wp-json\/wp\/v2\/pages"}],"about":[{"href":"https:\/\/nyumbainteriordesign.com\/es\/wp-json\/wp\/v2\/types\/page"}],"author":[{"embeddable":true,"href":"https:\/\/nyumbainteriordesign.com\/es\/wp-json\/wp\/v2\/users\/1"}],"replies":[{"embeddable":true,"href":"https:\/\/nyumbainteriordesign.com\/es\/wp-json\/wp\/v2\/comments?post=5719"}],"version-history":[{"count":14,"href":"https:\/\/nyumbainteriordesign.com\/es\/wp-json\/wp\/v2\/pages\/5719\/revisions"}],"predecessor-version":[{"id":9102,"href":"https:\/\/nyumbainteriordesign.com\/es\/wp-json\/wp\/v2\/pages\/5719\/revisions\/9102"}],"up":[{"embeddable":true,"href":"https:\/\/nyumbainteriordesign.com\/es\/wp-json\/wp\/v2\/pages\/5830"}],"wp:attachment":[{"href":"https:\/\/nyumbainteriordesign.com\/es\/wp-json\/wp\/v2\/media?parent=5719"}],"curies":[{"name":"wp","href":"https:\/\/api.w.org\/{rel}","templated":true}]}}